{"id":2508,"date":"2024-10-25T17:04:36","date_gmt":"2024-10-25T15:04:36","guid":{"rendered":"https:\/\/diliton.de\/produkt\/case-touch-stele-kiosk-horizontal-ks-made-in-germany\/"},"modified":"2025-05-22T16:43:41","modified_gmt":"2025-05-22T14:43:41","slug":"case-touch-stele-kiosk-horizontal-ks-made-in-germany","status":"publish","type":"product","link":"https:\/\/diliton.de\/en\/produkt\/case-touch-stele-kiosk-horizontal-ks-made-in-germany\/","title":{"rendered":"Case Touch Stele \/ Kiosk horizontal K&amp;S \u2013 made in Germany"},"content":{"rendered":"<p>[et_pb_section fb_built=&#8221;1&#8243; _builder_version=&#8221;4.16&#8243; custom_padding=&#8221;0px||||false|false&#8221; global_colors_info=&#8221;{}&#8221;][et_pb_row _builder_version=&#8221;4.16&#8243; background_size=&#8221;initial&#8221; background_position=&#8221;top_left&#8221; background_repeat=&#8221;repeat&#8221; width=&#8221;100%&#8221; custom_padding=&#8221;0px||0px||false|false&#8221; global_colors_info=&#8221;{}&#8221;][et_pb_column type=&#8221;4_4&#8243; _builder_version=&#8221;4.16&#8243; custom_padding=&#8221;|||&#8221; global_colors_info=&#8221;{}&#8221; custom_padding__hover=&#8221;|||&#8221;][et_pb_wc_breadcrumb disabled_on=&#8221;on|on|on&#8221; _builder_version=&#8221;4.16&#8243; global_colors_info=&#8221;{}&#8221;][\/et_pb_wc_breadcrumb][et_pb_wc_cart_notice _builder_version=&#8221;4.27.2&#8243; custom_margin=&#8221;|0em|2em|0em|false|false&#8221; custom_padding=&#8221;|15px|15px|15px|false|false&#8221; global_colors_info=&#8221;{}&#8221;][\/et_pb_wc_cart_notice][\/et_pb_column][\/et_pb_row][et_pb_row column_structure=&#8221;1_2,1_2&#8243; _builder_version=&#8221;4.16&#8243; background_size=&#8221;initial&#8221; background_position=&#8221;top_left&#8221; background_repeat=&#8221;repeat&#8221; width=&#8221;100%&#8221; custom_padding=&#8221;0px||||false|false&#8221; global_colors_info=&#8221;{}&#8221;][et_pb_column type=&#8221;1_2&#8243; _builder_version=&#8221;4.16&#8243; custom_padding=&#8221;|||&#8221; global_colors_info=&#8221;{}&#8221; custom_padding__hover=&#8221;|||&#8221;][et_pb_wc_images sale_badge_color=&#8221;#76B82A&#8221; _builder_version=&#8221;4.27.2&#8243; global_colors_info=&#8221;{}&#8221;][\/et_pb_wc_images][\/et_pb_column][et_pb_column type=&#8221;1_2&#8243; _builder_version=&#8221;4.16&#8243; custom_padding=&#8221;|||&#8221; global_colors_info=&#8221;{}&#8221; custom_padding__hover=&#8221;|||&#8221;][et_pb_wc_title _builder_version=&#8221;4.27.2&#8243; header_font_size=&#8221;28px&#8221; global_colors_info=&#8221;{}&#8221;][\/et_pb_wc_title][et_pb_wc_rating _builder_version=&#8221;4.16&#8243; global_colors_info=&#8221;{}&#8221;][\/et_pb_wc_rating][et_pb_wc_price _builder_version=&#8221;4.27.2&#8243; body_font_size=&#8221;32px&#8221; global_colors_info=&#8221;{}&#8221;][\/et_pb_wc_price][et_pb_wc_description _builder_version=&#8221;4.16&#8243; global_colors_info=&#8221;{}&#8221;][\/et_pb_wc_description][et_pb_wc_add_to_cart _builder_version=&#8221;4.27.2&#8243; fields_custom_padding_tablet=&#8221;&#8221; fields_custom_padding_phone=&#8221;||||false|false&#8221; fields_custom_padding_last_edited=&#8221;on|phone&#8221; dropdown_menus_custom_margin=&#8221;15px|50px|||false|false&#8221; custom_button=&#8221;on&#8221; width=&#8221;80%&#8221; width_tablet=&#8221;80%&#8221; width_phone=&#8221;100%&#8221; width_last_edited=&#8221;on|desktop&#8221; max_width=&#8221;80%&#8221; max_width_tablet=&#8221;80%&#8221; max_width_phone=&#8221;100%&#8221; max_width_last_edited=&#8221;on|tablet&#8221; button_text_size_tablet=&#8221;&#8221; button_text_size_phone=&#8221;18px&#8221; button_text_size_last_edited=&#8221;on|phone&#8221; custom_css_free_form=&#8221;selector input%91type=number%93 {||  padding: 10px 5px 10px 3px !important;||  width: 55px!important;||}&#8221; global_colors_info=&#8221;{}&#8221;][\/et_pb_wc_add_to_cart][et_pb_wc_meta disabled_on=&#8221;on|on|on&#8221; _builder_version=&#8221;4.16&#8243; global_colors_info=&#8221;{}&#8221;][\/et_pb_wc_meta][\/et_pb_column][\/et_pb_row][et_pb_row _builder_version=&#8221;4.16&#8243; background_size=&#8221;initial&#8221; background_position=&#8221;top_left&#8221; background_repeat=&#8221;repeat&#8221; width=&#8221;100%&#8221; global_colors_info=&#8221;{}&#8221;][et_pb_column type=&#8221;4_4&#8243; _builder_version=&#8221;4.16&#8243; custom_padding=&#8221;|||&#8221; global_colors_info=&#8221;{}&#8221; custom_padding__hover=&#8221;|||&#8221;][et_pb_wc_tabs _builder_version=&#8221;4.16&#8243; global_colors_info=&#8221;{}&#8221;]\t\t\t\t\t[\/et_pb_wc_tabs][et_pb_wc_upsells _builder_version=&#8221;4.16&#8243; global_colors_info=&#8221;{}&#8221;][\/et_pb_wc_upsells][et_pb_wc_related_products sale_badge_color=&#8221;#76B82A&#8221; _builder_version=&#8221;4.27.2&#8243; product_title_font_size_tablet=&#8221;&#8221; product_title_font_size_phone=&#8221;20px&#8221; product_title_font_size_last_edited=&#8221;on|phone&#8221; global_colors_info=&#8221;{}&#8221;][\/et_pb_wc_related_products][\/et_pb_column][\/et_pb_row][\/et_pb_section]<\/p>\n","protected":false},"excerpt":{"rendered":"<p>Transport case for your Touch Kiosk \u2013 Made in Germany, secure and precisely fitting.<\/p>\n<p>Special feature: A specially designed lid allows you to set up the touch stele easily without needing to lift it out of the case.<\/p>\n<p>Our custom-developed transport case, made in Germany, provides optimal protection for your touch stele during transport. Whether for trade shows, events, or changing locations, this case is tailored to fit your stele\u2019s dimensions, ensuring it always arrives safe and secure.<\/p>\n","protected":false},"featured_media":2327,"template":"","meta":{"_et_pb_use_builder":"on","_et_pb_old_content":"Key Features:\r\n\r\nPrecision Fit: The case is custom-built to match the exact size and shape of your stele (e.g. 55 inch), ensuring optimal stability and a secure fit.\r\n\r\nRobust Quality \u2013 Made in Germany: Manufactured using high-quality materials, the case stands out for its precision craftsmanship and durability.\r\n\r\nEasy Handling: Equipped with four sturdy, smooth-rolling wheels, the case is easy to move \u2013 ideal for flexible use at various locations.\r\n\r\nInterior Padding: Soft protective padding on the inside keeps your stele safe from shocks and scratches, especially during transport over uneven terrain.\r\n\r\nSecure Latches: Heavy-duty snap locks provide a firm hold during transport, keeping the stele well protected even on longer journeys.\r\n\r\nPractical Accessory Compartment: Integrated compartments offer space for cables, connectors, or other accessories, allowing you to transport everything securely together with the stele.","_et_gb_content_width":""},"product_brand":[],"product_cat":[69],"product_tag":[],"class_list":{"0":"post-2508","1":"product","2":"type-product","3":"status-publish","4":"has-post-thumbnail","6":"product_cat-case-en","8":"first","9":"instock","10":"taxable","11":"shipping-taxable","12":"purchasable","13":"product-type-variable"},"yoast_head":"<!-- This site is optimized with the Yoast SEO plugin v27.4 - https:\/\/yoast.com\/product\/yoast-seo-wordpress\/ -->\n<title>Case Touch Stele \/ Kiosk horizontal K&amp;S \u2013 made in Germany - diliton \u2013 for eyes.ears.emotions<\/title>\n<meta name=\"robots\" content=\"index, follow, max-snippet:-1, max-image-preview:large, max-video-preview:-1\" \/>\n<link rel=\"canonical\" href=\"https:\/\/diliton.de\/en\/produkt\/case-touch-stele-kiosk-horizontal-ks-made-in-germany\/\" \/>\n<meta property=\"og:locale\" content=\"en_US\" \/>\n<meta property=\"og:type\" content=\"article\" \/>\n<meta property=\"og:title\" content=\"Case Touch Stele \/ Kiosk horizontal K&amp;S \u2013 made in Germany - diliton \u2013 for eyes.ears.emotions\" \/>\n<meta property=\"og:description\" content=\"Transport case for your Touch Kiosk \u2013 Made in Germany, secure and precisely fitting.  Special feature: A specially designed lid allows you to set up the touch stele easily without needing to lift it out of the case.  Our custom-developed transport case, made in Germany, provides optimal protection for your touch stele during transport. Whether for trade shows, events, or changing locations, this case is tailored to fit your stele\u2019s dimensions, ensuring it always arrives safe and secure.\" \/>\n<meta property=\"og:url\" content=\"https:\/\/diliton.de\/en\/produkt\/case-touch-stele-kiosk-horizontal-ks-made-in-germany\/\" \/>\n<meta property=\"og:site_name\" content=\"diliton \u2013 for eyes.ears.emotions\" \/>\n<meta property=\"article:publisher\" content=\"https:\/\/www.facebook.com\/diliton.veranstaltungstechnik\" \/>\n<meta property=\"article:modified_time\" content=\"2025-05-22T14:43:41+00:00\" \/>\n<meta property=\"og:image\" content=\"https:\/\/diliton.de\/wp-content\/uploads\/2024\/10\/Case_english.png\" \/>\n\t<meta property=\"og:image:width\" content=\"800\" \/>\n\t<meta property=\"og:image:height\" content=\"800\" \/>\n\t<meta property=\"og:image:type\" content=\"image\/png\" \/>\n<meta name=\"twitter:card\" content=\"summary_large_image\" \/>\n<meta name=\"twitter:label1\" content=\"Est. reading time\" \/>\n\t<meta name=\"twitter:data1\" content=\"2 minutes\" \/>\n<script type=\"application\/ld+json\" class=\"yoast-schema-graph\">{\"@context\":\"https:\\\/\\\/schema.org\",\"@graph\":[{\"@type\":\"WebPage\",\"@id\":\"https:\\\/\\\/diliton.de\\\/en\\\/produkt\\\/case-touch-stele-kiosk-horizontal-ks-made-in-germany\\\/\",\"url\":\"https:\\\/\\\/diliton.de\\\/en\\\/produkt\\\/case-touch-stele-kiosk-horizontal-ks-made-in-germany\\\/\",\"name\":\"Case Touch Stele \\\/ Kiosk horizontal K&amp;S \u2013 made in Germany - diliton \u2013 for eyes.ears.emotions\",\"isPartOf\":{\"@id\":\"https:\\\/\\\/diliton.de\\\/en\\\/#website\"},\"primaryImageOfPage\":{\"@id\":\"https:\\\/\\\/diliton.de\\\/en\\\/produkt\\\/case-touch-stele-kiosk-horizontal-ks-made-in-germany\\\/#primaryimage\"},\"image\":{\"@id\":\"https:\\\/\\\/diliton.de\\\/en\\\/produkt\\\/case-touch-stele-kiosk-horizontal-ks-made-in-germany\\\/#primaryimage\"},\"thumbnailUrl\":\"https:\\\/\\\/diliton.de\\\/wp-content\\\/uploads\\\/2024\\\/10\\\/Case.jpeg\",\"datePublished\":\"2024-10-25T15:04:36+00:00\",\"dateModified\":\"2025-05-22T14:43:41+00:00\",\"breadcrumb\":{\"@id\":\"https:\\\/\\\/diliton.de\\\/en\\\/produkt\\\/case-touch-stele-kiosk-horizontal-ks-made-in-germany\\\/#breadcrumb\"},\"inLanguage\":\"en-US\",\"potentialAction\":[{\"@type\":\"ReadAction\",\"target\":[\"https:\\\/\\\/diliton.de\\\/en\\\/produkt\\\/case-touch-stele-kiosk-horizontal-ks-made-in-germany\\\/\"]}]},{\"@type\":\"ImageObject\",\"inLanguage\":\"en-US\",\"@id\":\"https:\\\/\\\/diliton.de\\\/en\\\/produkt\\\/case-touch-stele-kiosk-horizontal-ks-made-in-germany\\\/#primaryimage\",\"url\":\"https:\\\/\\\/diliton.de\\\/wp-content\\\/uploads\\\/2024\\\/10\\\/Case.jpeg\",\"contentUrl\":\"https:\\\/\\\/diliton.de\\\/wp-content\\\/uploads\\\/2024\\\/10\\\/Case.jpeg\",\"width\":800,\"height\":800,\"caption\":\"Dieses Bild zeigt einen ma\u00dfgefertigten Transportkoffer f\u00fcr eine Touchscreen-Stele. Die Kanten des Koffers sind zudem mit verst\u00e4rkten Aluminiumkanten und sch\u00fctzenden Metallecken versehen. Zwei robuste Riegelverschl\u00fcsse sorgen f\u00fcr einen sicheren Verschluss, w\u00e4hrend vier leichtg\u00e4ngige Lenkrollen eine einfache Handhabung und Mobilit\u00e4t erm\u00f6glichen.\"},{\"@type\":\"BreadcrumbList\",\"@id\":\"https:\\\/\\\/diliton.de\\\/en\\\/produkt\\\/case-touch-stele-kiosk-horizontal-ks-made-in-germany\\\/#breadcrumb\",\"itemListElement\":[{\"@type\":\"ListItem\",\"position\":1,\"name\":\"Home\",\"item\":\"https:\\\/\\\/diliton.de\\\/en\\\/diliton\\\/\"},{\"@type\":\"ListItem\",\"position\":2,\"name\":\"Shop\",\"item\":\"https:\\\/\\\/diliton.de\\\/en\\\/shop\\\/\"},{\"@type\":\"ListItem\",\"position\":3,\"name\":\"Case Touch Stele \\\/ Kiosk horizontal K&amp;S \u2013 made in Germany\"}]},{\"@type\":\"WebSite\",\"@id\":\"https:\\\/\\\/diliton.de\\\/en\\\/#website\",\"url\":\"https:\\\/\\\/diliton.de\\\/en\\\/\",\"name\":\"diliton \u2013 for eyes.ears.emotions\",\"description\":\"Interaktive Applikationen &amp; Veranstaltungstechnik\",\"potentialAction\":[{\"@type\":\"SearchAction\",\"target\":{\"@type\":\"EntryPoint\",\"urlTemplate\":\"https:\\\/\\\/diliton.de\\\/en\\\/?s={search_term_string}\"},\"query-input\":{\"@type\":\"PropertyValueSpecification\",\"valueRequired\":true,\"valueName\":\"search_term_string\"}}],\"inLanguage\":\"en-US\"}]}<\/script>\n<!-- \/ Yoast SEO plugin. -->","yoast_head_json":{"title":"Case Touch Stele \/ Kiosk horizontal K&amp;S \u2013 made in Germany - diliton \u2013 for eyes.ears.emotions","robots":{"index":"index","follow":"follow","max-snippet":"max-snippet:-1","max-image-preview":"max-image-preview:large","max-video-preview":"max-video-preview:-1"},"canonical":"https:\/\/diliton.de\/en\/produkt\/case-touch-stele-kiosk-horizontal-ks-made-in-germany\/","og_locale":"en_US","og_type":"article","og_title":"Case Touch Stele \/ Kiosk horizontal K&amp;S \u2013 made in Germany - diliton \u2013 for eyes.ears.emotions","og_description":"Transport case for your Touch Kiosk \u2013 Made in Germany, secure and precisely fitting.  Special feature: A specially designed lid allows you to set up the touch stele easily without needing to lift it out of the case.  Our custom-developed transport case, made in Germany, provides optimal protection for your touch stele during transport. Whether for trade shows, events, or changing locations, this case is tailored to fit your stele\u2019s dimensions, ensuring it always arrives safe and secure.","og_url":"https:\/\/diliton.de\/en\/produkt\/case-touch-stele-kiosk-horizontal-ks-made-in-germany\/","og_site_name":"diliton \u2013 for eyes.ears.emotions","article_publisher":"https:\/\/www.facebook.com\/diliton.veranstaltungstechnik","article_modified_time":"2025-05-22T14:43:41+00:00","og_image":[{"width":800,"height":800,"url":"https:\/\/diliton.de\/wp-content\/uploads\/2024\/10\/Case_english.png","type":"image\/png"}],"twitter_card":"summary_large_image","twitter_misc":{"Est. reading time":"2 minutes"},"schema":{"@context":"https:\/\/schema.org","@graph":[{"@type":"WebPage","@id":"https:\/\/diliton.de\/en\/produkt\/case-touch-stele-kiosk-horizontal-ks-made-in-germany\/","url":"https:\/\/diliton.de\/en\/produkt\/case-touch-stele-kiosk-horizontal-ks-made-in-germany\/","name":"Case Touch Stele \/ Kiosk horizontal K&amp;S \u2013 made in Germany - diliton \u2013 for eyes.ears.emotions","isPartOf":{"@id":"https:\/\/diliton.de\/en\/#website"},"primaryImageOfPage":{"@id":"https:\/\/diliton.de\/en\/produkt\/case-touch-stele-kiosk-horizontal-ks-made-in-germany\/#primaryimage"},"image":{"@id":"https:\/\/diliton.de\/en\/produkt\/case-touch-stele-kiosk-horizontal-ks-made-in-germany\/#primaryimage"},"thumbnailUrl":"https:\/\/diliton.de\/wp-content\/uploads\/2024\/10\/Case.jpeg","datePublished":"2024-10-25T15:04:36+00:00","dateModified":"2025-05-22T14:43:41+00:00","breadcrumb":{"@id":"https:\/\/diliton.de\/en\/produkt\/case-touch-stele-kiosk-horizontal-ks-made-in-germany\/#breadcrumb"},"inLanguage":"en-US","potentialAction":[{"@type":"ReadAction","target":["https:\/\/diliton.de\/en\/produkt\/case-touch-stele-kiosk-horizontal-ks-made-in-germany\/"]}]},{"@type":"ImageObject","inLanguage":"en-US","@id":"https:\/\/diliton.de\/en\/produkt\/case-touch-stele-kiosk-horizontal-ks-made-in-germany\/#primaryimage","url":"https:\/\/diliton.de\/wp-content\/uploads\/2024\/10\/Case.jpeg","contentUrl":"https:\/\/diliton.de\/wp-content\/uploads\/2024\/10\/Case.jpeg","width":800,"height":800,"caption":"Dieses Bild zeigt einen ma\u00dfgefertigten Transportkoffer f\u00fcr eine Touchscreen-Stele. Die Kanten des Koffers sind zudem mit verst\u00e4rkten Aluminiumkanten und sch\u00fctzenden Metallecken versehen. Zwei robuste Riegelverschl\u00fcsse sorgen f\u00fcr einen sicheren Verschluss, w\u00e4hrend vier leichtg\u00e4ngige Lenkrollen eine einfache Handhabung und Mobilit\u00e4t erm\u00f6glichen."},{"@type":"BreadcrumbList","@id":"https:\/\/diliton.de\/en\/produkt\/case-touch-stele-kiosk-horizontal-ks-made-in-germany\/#breadcrumb","itemListElement":[{"@type":"ListItem","position":1,"name":"Home","item":"https:\/\/diliton.de\/en\/diliton\/"},{"@type":"ListItem","position":2,"name":"Shop","item":"https:\/\/diliton.de\/en\/shop\/"},{"@type":"ListItem","position":3,"name":"Case Touch Stele \/ Kiosk horizontal K&amp;S \u2013 made in Germany"}]},{"@type":"WebSite","@id":"https:\/\/diliton.de\/en\/#website","url":"https:\/\/diliton.de\/en\/","name":"diliton \u2013 for eyes.ears.emotions","description":"Interaktive Applikationen &amp; Veranstaltungstechnik","potentialAction":[{"@type":"SearchAction","target":{"@type":"EntryPoint","urlTemplate":"https:\/\/diliton.de\/en\/?s={search_term_string}"},"query-input":{"@type":"PropertyValueSpecification","valueRequired":true,"valueName":"search_term_string"}}],"inLanguage":"en-US"}]}},"_links":{"self":[{"href":"https:\/\/diliton.de\/en\/wp-json\/wp\/v2\/product\/2508","targetHints":{"allow":["GET"]}}],"collection":[{"href":"https:\/\/diliton.de\/en\/wp-json\/wp\/v2\/product"}],"about":[{"href":"https:\/\/diliton.de\/en\/wp-json\/wp\/v2\/types\/product"}],"wp:featuredmedia":[{"embeddable":true,"href":"https:\/\/diliton.de\/en\/wp-json\/wp\/v2\/media\/2327"}],"wp:attachment":[{"href":"https:\/\/diliton.de\/en\/wp-json\/wp\/v2\/media?parent=2508"}],"wp:term":[{"taxonomy":"product_brand","embeddable":true,"href":"https:\/\/diliton.de\/en\/wp-json\/wp\/v2\/product_brand?post=2508"},{"taxonomy":"product_cat","embeddable":true,"href":"https:\/\/diliton.de\/en\/wp-json\/wp\/v2\/product_cat?post=2508"},{"taxonomy":"product_tag","embeddable":true,"href":"https:\/\/diliton.de\/en\/wp-json\/wp\/v2\/product_tag?post=2508"}],"curies":[{"name":"wp","href":"https:\/\/api.w.org\/{rel}","templated":true}]}}